{"id":6710,"date":"2022-03-15T15:10:32","date_gmt":"2022-03-15T15:10:32","guid":{"rendered":"https:\/\/www.cibergueda.com\/aviso-legal\/"},"modified":"2023-01-04T11:10:16","modified_gmt":"2023-01-04T11:10:16","slug":"aviso-legal","status":"publish","type":"page","link":"https:\/\/www.cibergueda.com\/es\/aviso-legal\/","title":{"rendered":"Aviso Legal"},"content":{"rendered":"&#13;\n<h5>DATOS IDENTIFICATIVOS<\/h5>&#13;\n<p><br\/>En compliment amb el deure informaci\u00f3 recollit a l&#8217;article 10 de la Llei 34\/2002, d&#8217;11 de juliol, de Serveis de la Societat de la Informaci\u00f3 i del Comer\u00e7 Electr\u00f2nic, us informem:<\/p>&#13;\n<p>&#8211; CENTRE INFORM\u00c0TIC DEL BERGUED\u00c0 S.L. (d&#8217;ara endavant, CIB PCs) \u00e9s una empresa dedicada a la venda d&#8217;Inform\u00e0tica Online.<br\/>&#8211; Dades:<\/p>&#13;\n<p>Denominaci\u00f3 social: CENTRE INFORM\u00c0TIC DEL BERGUED\u00c0 S.L.<br\/>Domicili social: Passeig de la Ind\u00fastria n\u00fam. 48, 08600 Berga, Barcelona<br\/>Correu electr\u00f2nic: info@cibpcs.com<br\/>Tel\u00e8fon de contacte: 938222258<br\/>Horari d&#8217;atenci\u00f3: de 9:00 a 13:30 i de 15:30 a 19:00 (Dissabtes de 9:30 a 13:30)<br\/>Dades registrals: Registre Mercantil de Barcelona, \u200b\u200bTom 43672, Foli 0169, Full 435088, Inscripci\u00f3 1<br\/>N\u00famero d&#8217;identificaci\u00f3 fiscal: CIF ESB65991499<br\/>Administrador: Matias Oliver<\/p>&#13;\n<p>&#8211; CIB PCs amb \u00e9s una societat encarregada de l&#8217;explotaci\u00f3, la gesti\u00f3 i el funcionament del lloc web WWW.CIBPCS.COM.<br\/>&#8211; Resoluci\u00f3 de litigis en l\u00ednia conforme a l&#8217;Art. 14.1 del Reglament (UE) 524\/2013: La Comissi\u00f3 Europea facilita una plataforma de resoluci\u00f3 de litigis en l\u00ednia, la qual es troba disponible a l&#8217;enlla\u00e7 seg\u00fcent: https:\/\/ec.europa .eu\/consumers\/odr\/ .<\/p>&#13;\n<p>\u00a0<\/p>&#13;\n&#13;\n<h5>USUARIS<\/h5>&#13;\n<p>El acceso y\/o uso de este portal atribuye la condici\u00f3n de USUARIO, que acepta, desde ese acceso y\/o uso, las Condiciones Generales de uso aqu\u00ed reflejadas. Dichas condiciones ser\u00e1n de aplicaci\u00f3n independientemente de las condiciones generales de contrataci\u00f3n que, en su caso, resulten de obligado cumplimiento.<\/p>&#13;\n<p>\u00a0<\/p>&#13;\n<h5>\u00daS DEL PORTAL<\/h5>&#13;\n<p>WWW.CIBPCS.COM proporciona el acceso a multitud de productos, informaciones, servicios, programas o datos (en adelante, \u00ablos contenidos\u00bb) en Internet pertenecientes a CIB PCs, oa terceros a los que el USUARIO puede tener acceso. El USUARIO asume la responsabilidad del uso del portal. Esta responsabilidad se extiende al registro necesario para acceder a determinados servicios o contenidos. En este registro, el USUARIO ser\u00e1 responsable de aportar informaci\u00f3n veraz y l\u00edcita. Como consecuencia de este registro, al USUARIO se le puede proporcionar una contrase\u00f1a de la que ser\u00e1 responsable, comprometi\u00e9ndose a su uso diligente y confidencial. El USUARIO se compromete a hacer un uso adecuado de los contenidos y servicios que CIB PCs ofrece a trav\u00e9s de su portal y con car\u00e1cter enunciativo pero no limitativo, a no utilizarlos para incurrir en actividades il\u00edcitas, ilegales o contrarias a la buena fe y al orden p\u00fablico.<\/p>&#13;\n<p>&#8211; Difundir contenidos o propaganda de car\u00e1cter racista, xen\u00f3fobo, pornogr\u00e1fico ilegal, de apolog\u00eda del terrorismo o atentatorio contra los derechos humanos.<br\/>&#8211; Provocar da\u00f1os a los sistemas f\u00edsicos y l\u00f3gicos de CIB PCs, de sus proveedores o de terceras personas, introducir o difundir en la red virus inform\u00e1ticos o cualesquiera otros sistemas f\u00edsicos o l\u00f3gicos que sean susceptibles de provocar los da\u00f1os anteriormente citados.<br\/>&#8211; Intentar acceder y, en su caso, utilizar las cuentas de correo electr\u00f3nico de otros usuarios y modificar o manipular sus mensajes.<\/p>&#13;\n<p>\u00a0<\/p>&#13;\n&#13;\n<h5>PROPIETAT INTEL\u00b7LECTUAL I INDUSTRIAL<\/h5>&#13;\n<p>Todos los signos distintivos, marcas, nombres comerciales, contenidos, estructura, dise\u00f1o y forma de presentaci\u00f3n de los elementos y cualquier otra informaci\u00f3n que aparezca en este sitio web son propiedad de CIB PCs por s\u00ed mismo o como cesionaria y est\u00e1n protegidos por los derechos de propiedad industrial e intelectual.<\/p>&#13;\n<p>El usuario tiene prohibida la reproducci\u00f3n, transformaci\u00f3n, distribuci\u00f3n, comunicaci\u00f3n p\u00fablica y, en general, cualquier otra forma de explotaci\u00f3n de los elementos referidos en el apartado anterior sin autorizaci\u00f3n expresa de CIB PCs.<\/p>&#13;\n<p>El usuario se abstendr\u00e1 de utilizar medios que puedan suprimir, alterar, eludir o manipular cualquier dispositivo de protecci\u00f3n o sistemas de seguridad que puedan estar instalados y que comporten un riesgo o da\u00f1o o inutilizaci\u00f3n del sitio web y\/o sus contenidos.<\/p>&#13;\n<p>CIB PCs no se responsabiliza del posible uso inapropiado que terceros hagan de esta p\u00e1gina web, ni de la informaci\u00f3n que a trav\u00e9s de \u00e9sta transmitan a terceros. El uso de los contenidos que pueda realizar el usuario y las consecuencias eventuales, da\u00f1os o perjuicios que pudieran derivarse, son de la responsabilidad exclusiva del usuario. CIB PCs se excluye por los da\u00f1os y perjuicios de toda naturaleza causados a los usuarios por el uso de enlaces (links), directorios y herramientas de b\u00fasqueda, que permiten a los usuarios acceder a sitios web pertenecientes y\/o gestionados por terceros as\u00ed como de la presencia de virus u otros c\u00f3digos maliciosos en los contenidos que puedan producir cualquier tipo de da\u00f1os en el sistema inform\u00e1tico, documentos electr\u00f3nicos o ficheros de los usuarios. CIB PCs se reserva el derecho de ejercitar las acciones legales que considere oportunas derivadas de cualquier uso il\u00edcito por parte de terceros de los contenidos de su p\u00e1gina web.<\/p>&#13;\n<p>\u00a0<\/p>&#13;\n&#13;\n<h5>EXCLUSI\u00d3 DE GARANTIES I RESPONSABILITAT<\/h5>&#13;\n<p>CIB PCs no se hace responsable, en ning\u00fan caso, de los da\u00f1os y perjuicios de cualquier naturaleza que pudieran ocasionar, a t\u00edtulo enunciativo: errores u omisiones en los contenidos, carencia de disponibilidad del portal o la transmisi\u00f3n de virus o programas maliciosos o lesivos en los contenidos, a\u00fan adoptando todas las medidas tecnol\u00f3gicas necesarias para evitarlo.<\/p>&#13;\n<p>\u00a0<\/p>&#13;\n<h5><br\/>MODIFICACIONS<\/h5>&#13;\n<p>CIB PCs se reserva el derecho de efectuar sin previo aviso las modificaciones que considere oportunas en su portal, pudiendo cambiar, suprimir o a\u00f1adir tanto los contenidos y servicios que se presten a trav\u00e9s de \u00e9sta como la forma en que \u00e9stos aparezcan presentados o localizados en su portal.<\/p>&#13;\n<p>\u00a0<\/p>&#13;\n<h5><br\/>ENLLA\u00c7OS<\/h5>&#13;\n<p>En caso de que en nombre del dominio se dispusieran enlaces o hiperv\u00ednculos hacia otros sitios de Internet, CIB PCs no ejercer\u00e1 ning\u00fan tipo de control sobre estos sitios y contenidos. En ning\u00fan caso CIB PCs asumir\u00e1 responsabilidad alguna por los contenidos de alg\u00fan enlace perteneciente a un sitio web ajeno, ni garantizar\u00e1 la disponibilidad t\u00e9cnica, calidad, fiabilidad, exactitud, amplitud, veracidad, validez y constitucionalidad de cualquier material o informaci\u00f3n contenida en ning\u00fan sitio. \u00e9stos. hiperv\u00ednculos u otros sitios de Internet. Asimismo, la inclusi\u00f3n de estas conexiones externas no implicar\u00e1 ning\u00fan tipo de asociaci\u00f3n, fusi\u00f3n o participaci\u00f3n con las entidades conectadas.<\/p>&#13;\n<p>\u00a0<\/p>&#13;\n<h5><br\/>ACC\u00c9S AL PORTAL<\/h5>&#13;\n<p>CIB PCs se reserva el derecho de denegar o retirar el acceso a portal y\/oa los servicios ofrecidos sin necesidad de preaviso, a instancia propia o de un tercero, a aquellos usuarios que incumplan las Condiciones Generales de Uso.<\/p>&#13;\n<p>\u00a0<\/p>&#13;\n&#13;\n<h5>DRET D&#8217;EXCLUSI\u00d3<\/h5>&#13;\n<p>CIB PCs se reserva el derecho de denegar o retirar el acceso a portal y\/oa los servicios ofrecidos sin necesidad de preaviso, a instancia propia o de un tercero, a aquellos usuarios que incumplan las Condiciones Generales de Uso.<\/p>&#13;\n<p>\u00a0<\/p>&#13;\n<h5><br\/>GENERALITATS<\/h5>&#13;\n<p>CIB PCs perseguir\u00e1 el incumplimiento de las condiciones as\u00ed como cualquier utilizaci\u00f3n indebida del portal ejerciendo todas las acciones civiles y penales que le puedan corresponder en derecho.<\/p>&#13;\n<p>\u00a0<\/p>&#13;\n<h5><br\/>MODIFICACI\u00d3 DE LES PRESENTS CONDICIONS I DURADA<\/h5>&#13;\n<p>CIB PCs podr\u00e1 modificar en cualquier momento las condiciones aqu\u00ed determinadas, siendo debidamente publicadas como aqu\u00ed aparecen.<\/p>&#13;\n<h5>\u00a0<\/h5>&#13;\n<h5>LEGISLACI\u00d3 APLICABLE I JURISDICCI\u00d3<\/h5>&#13;\n<p><br\/>La relaci\u00f3n entre CIB PCs y USUARIO se regir\u00e1 por la normativa espa\u00f1ola vigente y cualquier controversia se someter\u00e1 a los Juzgados y Tribunales de Berga, Barcelona.<\/p>&#13;\n<p>Resoluci\u00f3n de litigios online en materia de consumo conforme al art. 14.1 del Reglamento (UE) 524\/2013: La Comisi\u00f3n Europea facilita una plataforma de resoluci\u00f3n de litigios online que se encuentra disponible en el siguiente enlace: http:\/\/ec. europa.eu\/consumeros\/odr\/.<\/p>&#13;\n<p><br\/>Actualizado: 16 de febrero de 2019<\/p>&#13;\n\r\n<div class=\"wp-block-spacer\" style=\"height: 141px;\" aria-hidden=\"true\">\u00a0<\/div>\r\n","protected":false},"excerpt":{"rendered":"<p>&#13; DATOS IDENTIFICATIVOS &#13; En compliment amb el deure informaci\u00f3 recollit a l&#8217;article 10 de la Llei 34\/2002, d&#8217;11 de juliol,&#8230;<\/p>\n","protected":false},"author":1,"featured_media":0,"parent":0,"menu_order":0,"comment_status":"closed","ping_status":"closed","template":"","meta":[],"_links":{"self":[{"href":"https:\/\/www.cibergueda.com\/es\/wp-json\/wp\/v2\/pages\/6710"}],"collection":[{"href":"https:\/\/www.cibergueda.com\/es\/wp-json\/wp\/v2\/pages"}],"about":[{"href":"https:\/\/www.cibergueda.com\/es\/wp-json\/wp\/v2\/types\/page"}],"author":[{"embeddable":true,"href":"https:\/\/www.cibergueda.com\/es\/wp-json\/wp\/v2\/users\/1"}],"replies":[{"embeddable":true,"href":"https:\/\/www.cibergueda.com\/es\/wp-json\/wp\/v2\/comments?post=6710"}],"version-history":[{"count":5,"href":"https:\/\/www.cibergueda.com\/es\/wp-json\/wp\/v2\/pages\/6710\/revisions"}],"predecessor-version":[{"id":6796,"href":"https:\/\/www.cibergueda.com\/es\/wp-json\/wp\/v2\/pages\/6710\/revisions\/6796"}],"wp:attachment":[{"href":"https:\/\/www.cibergueda.com\/es\/wp-json\/wp\/v2\/media?parent=6710"}],"curies":[{"name":"wp","href":"https:\/\/api.w.org\/{rel}","templated":true}]}}