{"id":6780,"date":"2015-10-20T09:18:03","date_gmt":"2015-10-20T09:18:03","guid":{"rendered":"https:\/\/www.cibergueda.com\/inicio\/"},"modified":"2023-01-05T08:35:13","modified_gmt":"2023-01-05T08:35:13","slug":"inicio","status":"publish","type":"page","link":"https:\/\/www.cibergueda.com\/es\/","title":{"rendered":"Inicio"},"content":{"rendered":"<p>[vc_row content_width=\u00bbgrid\u00bb content_aligment=\u00bbcenter\u00bb css=\u00bb.vc_custom_1446636181430{padding-top: 57px !important;padding-bottom: 55px !important;background-color: #ffffff !important;}\u00bb][vc_column][vc_column_text]<\/p>\n<p>&nbsp;<\/p>\n<h2>Tu equipo para la gesti\u00f3n inform\u00e1tica de la empresa<\/h2>\n<p>[\/vc_column_text][vc_empty_space height=\u00bb18px\u00bb][vc_column_text]<\/p>\n<h4>Ayudamos a empresas a alcanzar sus objetivos mediante los sistemas inform\u00e1ticos necesarios en cada momento<\/h4>\n<p>[\/vc_column_text][\/vc_column][\/vc_row][vc_row content_width=\u00bbgrid\u00bb content_aligment=\u00bbcenter\u00bb css=\u00bb.vc_custom_1446636205173{border-top-width: 0px !important;padding-bottom: 30px !important;background-color: #ffffff !important;}\u00bb][vc_column offset=\u00bbvc_col-md-4&#8243;][vc_single_image image=\u00bb19&#8243; img_size=\u00bbfull\u00bb alignment=\u00bbcenter\u00bb][vc_empty_space height=\u00bb37px\u00bb][vc_column_text]<\/p>\n<h5>Servidores y Escritorios Remotos<\/h5>\n<p>[\/vc_column_text][vc_empty_space height=\u00bb19px\u00bb][vc_column_text]Trabaja en la nube optimizando recursos, maximizando la seguridad y con la flexibilidad que te aporta el CLOUD COMPUTING[\/vc_column_text][vc_empty_space height=\u00bb40px\u00bb][\/vc_column][vc_column offset=\u00bbvc_col-md-4&#8243;][vc_single_image image=\u00bb27&#8243; img_size=\u00bbfull\u00bb alignment=\u00bbcenter\u00bb][vc_empty_space height=\u00bb37px\u00bb][vc_column_text]<\/p>\n<h5>Hosting Empresarial<\/h5>\n<p>[\/vc_column_text][vc_empty_space height=\u00bb19px\u00bb][vc_column_text]Alojamos tu proyecto web en Servidores Dedicados exclusivamente por nuestros clientes. Webs en WordPress, Prestashop, Magento, Drupal&#8230;[\/vc_column_text][vc_empty_space height=\u00bb40px\u00bb][\/vc_column][vc_column offset=\u00bbvc_col-md-4&#8243;][vc_single_image image=\u00bb28&#8243; img_size=\u00bbfull\u00bb alignment=\u00bbcenter\u00bb][vc_empty_space height=\u00bb37px\u00bb][vc_column_text]<\/p>\n<h5>Backup Online<\/h5>\n<p>[\/vc_column_text][vc_empty_space height=\u00bb19px\u00bb][vc_column_text]La seguridad de los datos de la empresa es lo m\u00e1s importante. Configuramos y monitorizamos las copias de seguridad para que trabajes con garant\u00eda y tranquilidad.[\/vc_column_text][vc_empty_space height=\u00bb40px\u00bb][\/vc_column][\/vc_row][vc_row row_type=\u00bbparallax\u00bb content_width=\u00bbgrid\u00bb full_screen_section_height=\u00bbno\u00bb section_height=\u00bb472&#8243; parallax_background_image=\u00bb32&#8243; css=\u00bb.vc_custom_1445333277421{padding-top: 0px !important;padding-bottom: 0px !important;}\u00bb][vc_column offset=\u00bbvc_col-md-5&#8243;][vc_empty_space height=\u00bb87px\u00bb][vc_column_text]<\/p>\n<h2><span style=\"color: #ffffff;\">\u00bfQu\u00e9 est\u00e1s esperando? Cont\u00e1ctanos<\/span><\/h2>\n<p>[\/vc_column_text][vc_empty_space height=\u00bb19px\u00bb][vc_column_text]Te asesoramos sin ning\u00fan compromiso[\/vc_column_text][vc_empty_space height=\u00bb43px\u00bb]<a href=\"https:\/\/www.cibergueda.com\/contactar\" target=\"_self\"  class=\"qodef-btn qodef-btn-medium qodef-btn-solid qodef-btn-icon\"  >\n        <span class=\"qodef-btn-text\">Cont\u00e1ctacnos<\/span>\n    <span class=\"qodef-btn-text-icon\"><i class=\"qodef-icon-simple-line-icon icon-arrow-right-circle \" ><\/i><\/span>\n<\/a>[vc_empty_space height=\u00bb40px\u00bb][\/vc_column][vc_column offset=\u00bbvc_col-md-7&#8243;]<div class=\"qodef-elements-holder qodef-responsive-mode-768\" ><div class=\"qodef-elements-holder-item qodef-vertical-alignment-bottom qodef-horizontal-alignment-left\" >\n\t<div class=\"qodef-elements-holder-item-inner\">\n\t\t<div class=\"qodef-elements-holder-item-content qodef-elements-holder-custom-768210\" style=\"padding: 68px 0 0 0\">\n\t\t\t\t\t\t<style type=\"text\/css\" data-type=\"qodef-elements-custom-padding\">\n\t\t\t\t\t\t\t\t@media only screen and (min-width: 1280px) and (max-width: 1600px) {\n\t\t\t\t\t.qodef-elements-holder .qodef-elements-holder-item-content.qodef-elements-holder-custom-768210 {\n\t\t\t\t\t\tpadding:  !important;\n\t\t\t\t\t}\n\t\t\t\t}\n\t\t\t\t\t\t\t\t\t\t\t\t\t@media only screen and (min-width: 1024px) and (max-width: 1280px) {\n\t\t\t\t\t\t.qodef-elements-holder .qodef-elements-holder-item-content.qodef-elements-holder-custom-768210 {\n\t\t\t\t\t\t\tpadding:  !important;\n\t\t\t\t\t\t}\n\t\t\t\t\t}\n\t\t\t\t\t\t\t\t\t\t\t\t@media only screen and (min-width: 768px) and (max-width: 1024px) {\n\t\t\t\t\t.qodef-elements-holder .qodef-elements-holder-item-content.qodef-elements-holder-custom-768210 {\n\t\t\t\t\t\tpadding: 53% 0 0 0 !important;\n\t\t\t\t\t}\n\t\t\t\t}\n\t\t\t\t\t\t\t\t\t\t\t\t@media only screen and (min-width: 600px) and (max-width: 768px) {\n\t\t\t\t\t.qodef-elements-holder .qodef-elements-holder-item-content.qodef-elements-holder-custom-768210 {\n\t\t\t\t\t\tpadding: 2% 0 0 0 !important;\n\t\t\t\t\t}\n\t\t\t\t}\n\t\t\t\t\t\t\t\t\t\t\t\t@media only screen and (min-width: 480px) and (max-width: 600px) {\n\t\t\t\t\t.qodef-elements-holder .qodef-elements-holder-item-content.qodef-elements-holder-custom-768210 {\n\t\t\t\t\t\tpadding: 2% 0 0 0 !important;\n\t\t\t\t\t}\n\t\t\t\t}\n\t\t\t\t\t\t\t\t\t\t\t\t@media only screen and (max-width: 480px) {\n\t\t\t\t\t.qodef-elements-holder .qodef-elements-holder-item-content.qodef-elements-holder-custom-768210 {\n\t\t\t\t\t\tpadding: 2% 0 0 0 !important;\n\t\t\t\t\t}\n\t\t\t\t}\n\t\t\t\t\t\t\t\t<\/style>\n\t\t\t\t\t\t[vc_single_image image=\u00bb31&#8243; img_size=\u00bbfull\u00bb]\t\t<\/div>\n\t<\/div>\n<\/div><\/div>[\/vc_column][\/vc_row][vc_row content_width=\u00bbgrid\u00bb content_aligment=\u00bbcenter\u00bb css=\u00bb.vc_custom_1445346335411{padding-top: 63px !important;padding-bottom: 72px !important;background-image: url(http:\/\/startit.select-themes.com\/wp-content\/uploads\/2015\/10\/Home-2-Single-Background-1.png?id=111) !important;background-position: center !important;background-repeat: no-repeat !important;background-size: cover !important;}\u00bb][vc_column][vc_column_text]<\/p>\n<h2>Dise\u00f1o e implementaci\u00f3n de soluciones a medida<\/h2>\n<p>[\/vc_column_text][vc_empty_space height=\u00bb18px\u00bb][vc_column_text]<\/p>\n<h4>Programamos los sistemas que necesitas, con las funciones que quieres para optimizar el workflow de tu empresa<\/h4>\n<p>[\/vc_column_text][vc_empty_space height=\u00bb61px\u00bb]<div  class=\"qodef-process-holder columns-4\"><div class=\"qodef-process-holder-inner\"><div class=\"qodef-process-item\">\n    <div class=\"qodef-process-item-icon-holder-wrapper\">\n        <div class=\"qodef-process-item-icon-holder\">\n            <span class=\"qodef-process-item-background-holder\">\n                \n    <span class=\"qodef-icon-shortcode circle \"  >\n        \n        <i class=\"qodef-icon-simple-line-icon icon-pencil qodef-icon-element\" style=\"\" ><\/i>\n            <\/span>\n\n            <\/span>\n        <\/div>\n    <\/div>\n    <div class=\"qodef-process-item-content-holder\">\n        <div class=\"qodef-process-item-title-holder\">\n            <h5>Brainstorm<\/h5>\n        <\/div>\n        <div class=\"qodef-process-item-text-holder\">\n            <p>Definimos las necesidades de la aplicaci\u00f3n y de cada proceso junto con el tuyo<\/p>\n        <\/div>\n    <\/div>\n<\/div><div class=\"qodef-process-item\">\n    <div class=\"qodef-process-item-icon-holder-wrapper\">\n        <div class=\"qodef-process-item-icon-holder\">\n            <span class=\"qodef-process-item-background-holder\">\n                \n    <span class=\"qodef-icon-shortcode circle \"  >\n        \n        <i class=\"qodef-icon-simple-line-icon icon-screen-desktop qodef-icon-element\" style=\"\" ><\/i>\n            <\/span>\n\n            <\/span>\n        <\/div>\n    <\/div>\n    <div class=\"qodef-process-item-content-holder\">\n        <div class=\"qodef-process-item-title-holder\">\n            <h5>Dise\u00f1o adaptado<\/h5>\n        <\/div>\n        <div class=\"qodef-process-item-text-holder\">\n            <p>Damos forma visual a los procesos optimizando cada paso, adapt\u00e1ndolos a cada necesidad<\/p>\n        <\/div>\n    <\/div>\n<\/div><div class=\"qodef-process-item\">\n    <div class=\"qodef-process-item-icon-holder-wrapper\">\n        <div class=\"qodef-process-item-icon-holder\">\n            <span class=\"qodef-process-item-background-holder\">\n                \n    <span class=\"qodef-icon-shortcode circle \"  >\n        \n        <i class=\"qodef-icon-simple-line-icon icon-wrench qodef-icon-element\" style=\"\" ><\/i>\n            <\/span>\n\n            <\/span>\n        <\/div>\n    <\/div>\n    <div class=\"qodef-process-item-content-holder\">\n        <div class=\"qodef-process-item-title-holder\">\n            <h5>Tests<\/h5>\n        <\/div>\n        <div class=\"qodef-process-item-text-holder\">\n            <p>Probamos cada funci\u00f3n optimiz\u00e1ndola al m\u00e1ximo para sacar el mejor rendimiento<\/p>\n        <\/div>\n    <\/div>\n<\/div><div class=\"qodef-process-item\">\n    <div class=\"qodef-process-item-icon-holder-wrapper\">\n        <div class=\"qodef-process-item-icon-holder\">\n            <span class=\"qodef-process-item-background-holder\">\n                \n    <span class=\"qodef-icon-shortcode circle \"  >\n        \n        <i class=\"qodef-icon-simple-line-icon icon-settings qodef-icon-element\" style=\"\" ><\/i>\n            <\/span>\n\n            <\/span>\n        <\/div>\n    <\/div>\n    <div class=\"qodef-process-item-content-holder\">\n        <div class=\"qodef-process-item-title-holder\">\n            <h5>Implementaci\u00f3n<\/h5>\n        <\/div>\n        <div class=\"qodef-process-item-text-holder\">\n            <p>Implementamos la soluci\u00f3n y la pasamos a producci\u00f3n, siempre a tu lado<\/p>\n        <\/div>\n    <\/div>\n<\/div><\/div><\/div>[\/vc_column][\/vc_row]<\/p>\n","protected":false},"excerpt":{"rendered":"<p>[vc_row content_width=\u00bbgrid\u00bb content_aligment=\u00bbcenter\u00bb css=\u00bb.vc_custom_1446636181430{padding-top: 57px !important;padding-bottom: 55px !important;background-color: #ffffff !important;}\u00bb][vc_column][vc_column_text] &nbsp; Tu equipo para la gesti\u00f3n inform\u00e1tica de la empresa [\/vc_column_text][vc_empty_space&#8230;<\/p>\n","protected":false},"author":1,"featured_media":0,"parent":0,"menu_order":0,"comment_status":"closed","ping_status":"closed","template":"full-width.php","meta":[],"_links":{"self":[{"href":"https:\/\/www.cibergueda.com\/es\/wp-json\/wp\/v2\/pages\/6780"}],"collection":[{"href":"https:\/\/www.cibergueda.com\/es\/wp-json\/wp\/v2\/pages"}],"about":[{"href":"https:\/\/www.cibergueda.com\/es\/wp-json\/wp\/v2\/types\/page"}],"author":[{"embeddable":true,"href":"https:\/\/www.cibergueda.com\/es\/wp-json\/wp\/v2\/users\/1"}],"replies":[{"embeddable":true,"href":"https:\/\/www.cibergueda.com\/es\/wp-json\/wp\/v2\/comments?post=6780"}],"version-history":[{"count":6,"href":"https:\/\/www.cibergueda.com\/es\/wp-json\/wp\/v2\/pages\/6780\/revisions"}],"predecessor-version":[{"id":6850,"href":"https:\/\/www.cibergueda.com\/es\/wp-json\/wp\/v2\/pages\/6780\/revisions\/6850"}],"wp:attachment":[{"href":"https:\/\/www.cibergueda.com\/es\/wp-json\/wp\/v2\/media?parent=6780"}],"curies":[{"name":"wp","href":"https:\/\/api.w.org\/{rel}","templated":true}]}}