{"id":6792,"date":"2022-03-15T15:32:46","date_gmt":"2022-03-15T15:32:46","guid":{"rendered":"https:\/\/www.cibergueda.com\/politica-de-cookies\/"},"modified":"2023-01-04T11:34:19","modified_gmt":"2023-01-04T11:34:19","slug":"politica-de-cookies","status":"publish","type":"page","link":"https:\/\/www.cibergueda.com\/es\/politica-de-cookies\/","title":{"rendered":"Pol\u00edtica de Cookies"},"content":{"rendered":"\r\n<h5>\u00bfQu\u00e9 es una galleta?<\/h5>\r\n<p>Una galeta \u00e9s un fitxer que es descarrega al vostre ordinador en accedir l&#8217;Usuari a determinades p\u00e0gines web. Les galetes permeten a una p\u00e0gina web, entre altres coses, emmagatzemar i recuperar informaci\u00f3 sobre els h\u00e0bits de navegaci\u00f3 d&#8217;un usuari o del seu equip i, depenent de la informaci\u00f3 que continguin i de la manera com utilitzi el seu equip, es poden utilitzar per recon\u00e8ixer a l&#8217;usuari.<\/p>\r\n<p>&nbsp;<\/p>\r\n<h5>\u00bfQu\u00e9 tipos de galletas hay?<\/h5>\r\n<p>Hi ha diversos tipus de cookies en funci\u00f3 de diferents criteris:<\/p>\r\n<p>En funci\u00f3 del temps que romanen activades:<\/p>\r\n<p>Galetes de sessi\u00f3. S\u00f3n un tipus de galetes dissenyades per a demanar i emmagatzemar dades mentre l&#8217;usuari accedeix a una p\u00e0gina web.<br \/>Galetes permanents: S\u00f3n un tipus de galetes en qu\u00e8 les dades segueixen emmagatzemades al terminal i poden ser accedides i tractades durant un per\u00edode definit pel responsable de la galeta.<\/p>\r\n<h5><br \/>En funci\u00f3n de la titularidad:<\/h5>\r\n<p>Cookies pr\u00f2pies. S\u00f3n les que pertanyen a CIB PCs<br \/>Galetes de tercers. S\u00f3n aquelles la titularitat de les quals \u00e9s d&#8217;un tercer, diferent de CIB PCs, que ser\u00e0 qui tracti la informaci\u00f3 recollida.<\/p>\r\n<h5>En funci\u00f3n de la finalidad:<\/h5>\r\n<p>Galetes t\u00e8cniques i\/o de personalitzaci\u00f3. S\u00f3n les que serveixen per millorar el servei, localitzar incid\u00e8ncies, recon\u00e8ixer l&#8217;usuari, etc.<br \/>Galetes d&#8217;an\u00e0lisi i\/o de publicitat. S\u00f3n aquelles que serveixen per analitzar informaci\u00f3 sobre la navegaci\u00f3 i oferir publicitat, sigui gen\u00e8rica o personalitzada.<\/p>\r\n<p><br \/>Quins tipus de galetes s\u00f3n m\u00e9s habituals?<br \/>T\u00c8CNIQUES: S\u00f3n cookies PR\u00d2PIES, de sessi\u00f3, d&#8217;identificaci\u00f3, de configuraci\u00f3 i de registre, estrictament necess\u00e0ries per a la identificaci\u00f3 de l&#8217;usuari i per a la prestaci\u00f3 dels serveis sol\u00b7licitats per l&#8217;usuari. La informaci\u00f3 obtinguda a trav\u00e9s de les mateixes \u00e9s tractada \u00fanicament per CIB PCs.<br \/>D&#8217;AN\u00c0LISI: S\u00f3n aquelles que, ben tractades per nosaltres o per tercers, ens permeten quantificar el nombre d&#8217;usuaris i aix\u00ed realitzar el mesurament i l&#8217;an\u00e0lisi estad\u00edstica de la utilitzaci\u00f3 que fan els usuaris del servei ofert. Per aix\u00f2 s&#8217;analitza la vostra navegaci\u00f3 a la nostra p\u00e0gina web per tal de millorar l&#8217;oferta de productes o serveis que us oferim.<br \/>DE PUBLICITAT: S\u00f3n aquelles que, ben tractades per nosaltres o per tercers, permeten la gesti\u00f3, de la manera m\u00e9s efica\u00e7 possible, dels espais publicitaris que es poguessin incloure a la nostra p\u00e0gina web i\/o emmagatzemen informaci\u00f3 del comportament dels usuaris obtinguda a a trav\u00e9s de l&#8217;observaci\u00f3 continuada. Gr\u00e0cies a elles, podem con\u00e8ixer els h\u00e0bits de navegaci\u00f3 a internet i mostrar publicitat relacionada amb el seu perfil de navegaci\u00f3.<\/p>\r\n\r\n\r\n\r\n<div class=\"wp-block-spacer\" style=\"height: 27px;\" aria-hidden=\"true\">\r\n<p>Per qu\u00e8 serveix una galeta?<\/p>\r\n<p>Les cookies s&#8217;utilitzen per poder oferir serveis i\/o publicitat personalitzats, per analitzar el funcionament del sistema, recon\u00e8ixer-lo quan accedeix com a usuari, localitzar incid\u00e8ncies i problemes que puguin sorgir i resoldre&#8217;ls en el menor termini possible, aix\u00ed com analitzar i mesurar l&#8217;\u00fas i activitat de la p\u00e0gina web.<\/p>\r\n<p>&nbsp;<\/p>\r\n<h5>Cal el meu consentiment per implantar una galeta?<\/h5>\r\n<p>No cal el consentiment per a la instal\u00b7laci\u00f3 de cookies t\u00e8cniques o les que siguin estrictament necess\u00e0ries per a la prestaci\u00f3 d&#8217;un servei de la societat de la informaci\u00f3 expressament sol\u00b7licitat pel destinatari.<\/p>\r\n<p>Per a la resta, s\u00ed que cal el consentiment de l&#8217;interessat que es pot sol\u00b7licitar per diferents vies. En el cas de CIB PCs, s&#8217;entendr\u00e0 atorgat si vost\u00e8 segueix utilitzant la p\u00e0gina web, sens perjudici que en qualsevol moment podr\u00e0 revocar-ho i desactivar les galetes.<\/p>\r\n<\/div>\r\n<p>&nbsp;<\/p>\r\n<p>&nbsp;<\/p>\r\n<p>&nbsp;<\/p>\r\n<p>&nbsp;<\/p>\r\n<p>&nbsp;<\/p>\r\n<p>&nbsp;<\/p>\r\n\r\n\r\n\r\n\r\n\r\n<div class=\"wp-block-spacer\" style=\"height: 32px;\" aria-hidden=\"true\">\u00a0<\/div>\r\n\r\n\r\n\r\n<h5>\u00a0<\/h5>\r\n<h5>\u00bfQu\u00e9 tipos de cookies utiliza esta p\u00e1gina web?<\/h5>\r\n<p>Galetes t\u00e8cniques: S\u00f3n aquelles creades i gestionades \u00fanicament per nosaltres, i permeten a l&#8217;usuari la navegaci\u00f3 a trav\u00e9s de la nostra p\u00e0gina web i la utilitzaci\u00f3 de les diferents opcions com, per exemple, identificar la sessi\u00f3, personalitzar informaci\u00f3 o accedir a zones d&#8217;acc\u00e9s restringit<\/p>\r\n<p>El lloc web de CIB PCs, utilitza (o pot utilitzar) Google Analytics, una eina d&#8217;anal\u00edtica web desenvolupada per Google, que ajuda els propietaris de llocs web a mesurar com interactuen els usuaris amb el contingut del lloc. Per a la prestaci\u00f3 d&#8217;aquests serveis, Google Analytics utilitzen galetes que recopilen la informaci\u00f3, inclosa l&#8217;adre\u00e7a IP de l&#8217;usuari que ser\u00e0 transmesa, tractada i emmagatzemada per Google en els termes fixats al web Google.com.<\/p>\r\n<p>Per a m\u00e9s informaci\u00f3 vegeu: https:\/\/developers.google.com\/analytics\/devguides\/collection\/analyticsjs\/cookie-usage<\/p>\r\n<p>El domini web www.cibpcs.com utilitza els seg\u00fcents tipus de cookies:<\/p>\r\n<p>_gat S&#8217;utilitza per diferenciar entre usuaris i sessions. La galeta es crea en carregar la llibreta JavaScript i no hi ha una versi\u00f3 pr\u00e8via de la galeta _ga La galeta s&#8217;utilitza cada vegada que envia les dades a Google Analytics. Expira als 2 anys.<br \/>_gid S&#8217;utilitza per distingir els usuaris. Cookie de Google Analytics. Expira a les 24 hores.<br \/>cookie_ue Cookie t\u00e8cnica. Emmagatzema informaci\u00f3 sobre l&#8217;acceptaci\u00f3 de la pol\u00edtica de galetes de la web. Permanent. Expira als 12 mesos.<br \/>PHPSESSID Cookie pr\u00f2pia del prove\u00efdor del hosting. Caduca en finalitzar la sessi\u00f3 de navegaci\u00f3.<br \/>PrestaShop- Cookies t\u00e8cniques que utilitza el sistema de comer\u00e7 electr\u00f2nic per poder utilitzar diferents opcions i funcionalitats del sistema Prestashop.<\/p>\r\n<h5><br \/>\u00bfC\u00f3mo desactivar cookies?<\/h5>\r\n<p>Podeu permetre, bloquejar o eliminar les galetes instal\u00b7lades al vostre equip mitjan\u00e7ant la configuraci\u00f3 de les opcions del navegador instal\u00b7lat al vostre ordinador.<\/p>\r\n<p>Firefox<\/p>\r\n<p>Chrome<\/p>\r\n<p>Internet Explorer<\/p>\r\n<p>Safari<\/p>\r\n<p>Safari per a iOS<\/p>\r\n<p>Opera<\/p>\r\n<p>&nbsp;<\/p>\r\n\r\n\r\n\r\n<div class=\"wp-block-spacer\" style=\"height: 134px;\" aria-hidden=\"true\">\u00a0<\/div>\r\n","protected":false},"excerpt":{"rendered":"<p>\u00bfQu\u00e9 es una galleta? Una galeta \u00e9s un fitxer que es descarrega al vostre ordinador en accedir l&#8217;Usuari a determinades p\u00e0gines&#8230;<\/p>\n","protected":false},"author":1,"featured_media":0,"parent":0,"menu_order":0,"comment_status":"closed","ping_status":"closed","template":"","meta":[],"_links":{"self":[{"href":"https:\/\/www.cibergueda.com\/es\/wp-json\/wp\/v2\/pages\/6792"}],"collection":[{"href":"https:\/\/www.cibergueda.com\/es\/wp-json\/wp\/v2\/pages"}],"about":[{"href":"https:\/\/www.cibergueda.com\/es\/wp-json\/wp\/v2\/types\/page"}],"author":[{"embeddable":true,"href":"https:\/\/www.cibergueda.com\/es\/wp-json\/wp\/v2\/users\/1"}],"replies":[{"embeddable":true,"href":"https:\/\/www.cibergueda.com\/es\/wp-json\/wp\/v2\/comments?post=6792"}],"version-history":[{"count":3,"href":"https:\/\/www.cibergueda.com\/es\/wp-json\/wp\/v2\/pages\/6792\/revisions"}],"predecessor-version":[{"id":6811,"href":"https:\/\/www.cibergueda.com\/es\/wp-json\/wp\/v2\/pages\/6792\/revisions\/6811"}],"wp:attachment":[{"href":"https:\/\/www.cibergueda.com\/es\/wp-json\/wp\/v2\/media?parent=6792"}],"curies":[{"name":"wp","href":"https:\/\/api.w.org\/{rel}","templated":true}]}}